{"id":116,"date":"2024-11-13T11:49:03","date_gmt":"2024-11-13T10:49:03","guid":{"rendered":"https:\/\/formation-assistante-maternelle.fr\/?page_id=116"},"modified":"2025-09-04T18:17:41","modified_gmt":"2025-09-04T16:17:41","slug":"financement","status":"publish","type":"page","link":"https:\/\/formation-assistante-maternelle.fr\/index.php\/financement\/","title":{"rendered":"Financement"},"content":{"rendered":"<p>[et_pb_section fb_built=\u00a0\u00bb1&Prime; prev_background_color=\u00a0\u00bb#ffffff\u00a0\u00bb admin_label=\u00a0\u00bbServices\u00a0\u00bb _builder_version=\u00a0\u00bb4.23.1&Prime; background_enable_color=\u00a0\u00bboff\u00a0\u00bb use_background_color_gradient=\u00a0\u00bbon\u00a0\u00bb background_color_gradient_stops=\u00a0\u00bb#ff8c01 0%|#ffffff 100%\u00a0\u00bb background_color_gradient_start=\u00a0\u00bb#fff6ef\u00a0\u00bb background_color_gradient_end=\u00a0\u00bb#ffffff\u00a0\u00bb background_enable_image=\u00a0\u00bboff\u00a0\u00bb background_size=\u00a0\u00bbinitial\u00a0\u00bb background_position=\u00a0\u00bbbottom_center\u00a0\u00bb custom_padding=\u00a0\u00bb10vw|||||\u00a0\u00bb top_divider_style=\u00a0\u00bbwave\u00a0\u00bb top_divider_height=\u00a0\u00bb20vw\u00a0\u00bb global_colors_info=\u00a0\u00bb{}\u00a0\u00bb][et_pb_row _builder_version=\u00a0\u00bb4.27.0&Prime; _module_preset=\u00a0\u00bbdefault\u00a0\u00bb global_colors_info=\u00a0\u00bb{}\u00a0\u00bb][et_pb_column type=\u00a0\u00bb4_4&Prime; _builder_version=\u00a0\u00bb4.27.0&Prime; _module_preset=\u00a0\u00bbdefault\u00a0\u00bb global_colors_info=\u00a0\u00bb{}\u00a0\u00bb][et_pb_text _builder_version=\u00a0\u00bb4.23.1&Prime; _module_preset=\u00a0\u00bbb6cb9bd8-0fbd-4699-b58d-51b3d480db23&Prime; header_2_font=\u00a0\u00bbPoppins|600|||||||\u00a0\u00bb header_2_text_color=\u00a0\u00bb#584070&Prime; header_2_font_size=\u00a0\u00bb52px\u00a0\u00bb header_2_line_height=\u00a0\u00bb1.3em\u00a0\u00bb custom_margin=\u00a0\u00bb||10px||false|false\u00a0\u00bb header_2_font_size_tablet=\u00a0\u00bb32px\u00a0\u00bb header_2_font_size_phone=\u00a0\u00bb20px\u00a0\u00bb header_2_font_size_last_edited=\u00a0\u00bbon|tablet\u00a0\u00bb header_2_line_height_tablet=\u00a0\u00bb1.4em\u00a0\u00bb header_2_line_height_phone=\u00a0\u00bb1.6em\u00a0\u00bb header_2_line_height_last_edited=\u00a0\u00bbon|tablet\u00a0\u00bb locked=\u00a0\u00bboff\u00a0\u00bb global_colors_info=\u00a0\u00bb{%22gcid-primary-color%22:%91%22header_2_text_color%22%93}\u00a0\u00bb]<\/p>\n<h2>Financement<\/h2>\n<p>[\/et_pb_text][\/et_pb_column][\/et_pb_row][et_pb_row column_structure=\u00a0\u00bb1_3,1_3,1_3&Prime; make_equal=\u00a0\u00bbon\u00a0\u00bb _builder_version=\u00a0\u00bb4.23.1&Prime; _module_preset=\u00a0\u00bbdefault\u00a0\u00bb global_colors_info=\u00a0\u00bb{}\u00a0\u00bb][et_pb_column type=\u00a0\u00bb1_3&Prime; _builder_version=\u00a0\u00bb4.27.0&Prime; _module_preset=\u00a0\u00bbdefault\u00a0\u00bb background_color=\u00a0\u00bbgcid-primary-color\u00a0\u00bb border_radii=\u00a0\u00bbon|12px|12px|12px|12px\u00a0\u00bb global_colors_info=\u00a0\u00bb{%22gcid-primary-color%22:%91%22background_color%22%93}\u00a0\u00bb][et_pb_image src=\u00a0\u00bbhttp:\/\/formation-assistante-maternelle.fr\/wp-content\/uploads\/2024\/11\/brie-8-150&#215;150.png\u00a0\u00bb title_text=\u00a0\u00bb&#038;brie (8)\u00a0\u00bb align=\u00a0\u00bbcenter\u00a0\u00bb _builder_version=\u00a0\u00bb4.23.1&Prime; _module_preset=\u00a0\u00bbdefault\u00a0\u00bb global_colors_info=\u00a0\u00bb{}\u00a0\u00bb][\/et_pb_image][et_pb_text _builder_version=\u00a0\u00bb4.27.0&Prime; _module_preset=\u00a0\u00bbdefault\u00a0\u00bb header_3_text_color=\u00a0\u00bb#FFFFFF\u00a0\u00bb global_colors_info=\u00a0\u00bb{}\u00a0\u00bb]<\/p>\n<h3 class=\"LC20lb MBeuO DKV0Md\" style=\"text-align: center;\">Le plan de d\u00e9veloppement des comp\u00e9tences<\/h3>\n<p>[\/et_pb_text][\/et_pb_column][et_pb_column type=\u00a0\u00bb1_3&Prime; _builder_version=\u00a0\u00bb4.27.0&Prime; _module_preset=\u00a0\u00bbdefault\u00a0\u00bb background_color=\u00a0\u00bbgcid-primary-color\u00a0\u00bb border_radii=\u00a0\u00bbon|12px|12px|12px|12px\u00a0\u00bb global_colors_info=\u00a0\u00bb{%22gcid-primary-color%22:%91%22background_color%22%93}\u00a0\u00bb][et_pb_image src=\u00a0\u00bbhttp:\/\/formation-assistante-maternelle.fr\/wp-content\/uploads\/2024\/11\/brie-6-150&#215;150.png\u00a0\u00bb title_text=\u00a0\u00bb&#038;brie (6)\u00a0\u00bb align=\u00a0\u00bbcenter\u00a0\u00bb _builder_version=\u00a0\u00bb4.23.1&Prime; _module_preset=\u00a0\u00bbdefault\u00a0\u00bb global_colors_info=\u00a0\u00bb{}\u00a0\u00bb][\/et_pb_image][et_pb_text _builder_version=\u00a0\u00bb4.27.0&Prime; _module_preset=\u00a0\u00bbdefault\u00a0\u00bb header_3_text_color=\u00a0\u00bb#FFFFFF\u00a0\u00bb global_colors_info=\u00a0\u00bb{}\u00a0\u00bb]<\/p>\n<h3 class=\"LC20lb MBeuO DKV0Md\" style=\"text-align: center;\">CPF &#8211; Compte personnel de formation<\/h3>\n<p>[\/et_pb_text][\/et_pb_column][et_pb_column type=\u00a0\u00bb1_3&Prime; _builder_version=\u00a0\u00bb4.27.0&Prime; _module_preset=\u00a0\u00bbdefault\u00a0\u00bb background_color=\u00a0\u00bbgcid-primary-color\u00a0\u00bb border_radii=\u00a0\u00bbon|12px|12px|12px|12px\u00a0\u00bb global_colors_info=\u00a0\u00bb{%22gcid-primary-color%22:%91%22background_color%22%93}\u00a0\u00bb][et_pb_image src=\u00a0\u00bbhttp:\/\/formation-assistante-maternelle.fr\/wp-content\/uploads\/2024\/11\/brie-7-150&#215;150.png\u00a0\u00bb title_text=\u00a0\u00bb&#038;brie (7)\u00a0\u00bb align=\u00a0\u00bbcenter\u00a0\u00bb _builder_version=\u00a0\u00bb4.23.1&Prime; _module_preset=\u00a0\u00bbdefault\u00a0\u00bb global_colors_info=\u00a0\u00bb{}\u00a0\u00bb][\/et_pb_image][et_pb_text _builder_version=\u00a0\u00bb4.27.0&Prime; _module_preset=\u00a0\u00bbdefault\u00a0\u00bb header_3_text_color=\u00a0\u00bb#FFFFFF\u00a0\u00bb global_colors_info=\u00a0\u00bb{}\u00a0\u00bb]<\/p>\n<h3 class=\"LC20lb MBeuO DKV0Md\" style=\"text-align: center;\">Les aides France Travail et r\u00e9gionales<\/h3>\n<p>[\/et_pb_text][\/et_pb_column][\/et_pb_row][et_pb_row column_structure=\u00a0\u00bb1_2,1_2&Prime; _builder_version=\u00a0\u00bb4.16&Prime; custom_padding=\u00a0\u00bb||0px|||\u00a0\u00bb global_colors_info=\u00a0\u00bb{}\u00a0\u00bb][et_pb_column type=\u00a0\u00bb1_2&Prime; _builder_version=\u00a0\u00bb4.16&Prime; custom_padding=\u00a0\u00bb|||\u00a0\u00bb global_colors_info=\u00a0\u00bb{}\u00a0\u00bb custom_padding__hover=\u00a0\u00bb|||\u00a0\u00bb][et_pb_text _builder_version=\u00a0\u00bb4.23.1&Prime; _module_preset=\u00a0\u00bbdefault\u00a0\u00bb text_font=\u00a0\u00bbPoppins||||||||\u00a0\u00bb text_text_color=\u00a0\u00bb#000000&Prime; text_font_size=\u00a0\u00bb15px\u00a0\u00bb global_colors_info=\u00a0\u00bb{}\u00a0\u00bb]<\/p>\n<p><span style=\"font-weight: 400;\"><span style=\"vertical-align: inherit;\"><span style=\"vertical-align: inherit;\"><span style=\"vertical-align: inherit;\"><span style=\"vertical-align: inherit;\"><span style=\"vertical-align: inherit;\"><span style=\"vertical-align: inherit;\"><span style=\"vertical-align: inherit;\"><span style=\"vertical-align: inherit;\"><span style=\"vertical-align: inherit;\"><span style=\"vertical-align: inherit;\"><span style=\"vertical-align: inherit;\"><span style=\"vertical-align: inherit;\">Les assistants maternels, les gardes d&rsquo;enfants, les assistants de vie et les employ\u00e9s familiaux disposent de 58 heures \/ an pour partir en formation gr\u00e2ce au plan de d\u00e9veloppement des comp\u00e9tences. Il peut \u00eatre mobilis\u00e9 pour effectuer des formations, qu&rsquo;elles conduisent \u00e0 une certification ou non.<\/span><\/span><\/span><\/span><\/span><\/span><\/span><\/span><\/span><\/span><\/span><\/span><\/span><\/p>\n<p><strong><span style=\"vertical-align: inherit;\"><span style=\"vertical-align: inherit;\"><span style=\"vertical-align: inherit;\"><span style=\"vertical-align: inherit;\"><span style=\"vertical-align: inherit;\"><span style=\"vertical-align: inherit;\"><span style=\"vertical-align: inherit;\"><span style=\"vertical-align: inherit;\"><span style=\"vertical-align: inherit;\"><span style=\"vertical-align: inherit;\"><span style=\"vertical-align: inherit;\"><span style=\"vertical-align: inherit;\">Pour les assistantes maternelles :<\/span><\/span><\/span><\/span><\/span><\/span><\/span><\/span><\/span><\/span><\/span><\/span><\/strong><\/p>\n<p><span style=\"font-weight: 400;\"><span style=\"vertical-align: inherit;\"><span style=\"vertical-align: inherit;\"><span style=\"vertical-align: inherit;\"><span style=\"vertical-align: inherit;\"><span style=\"vertical-align: inherit;\"><span style=\"vertical-align: inherit;\"><span style=\"vertical-align: inherit;\"><span style=\"vertical-align: inherit;\"><span style=\"vertical-align: inherit;\"><span style=\"vertical-align: inherit;\"><span style=\"vertical-align: inherit;\"><span style=\"vertical-align: inherit;\">Lorsque la formation s&rsquo;effectue pendant le temps d&rsquo;accueil, la r\u00e9mun\u00e9ration est retenue. Si celle-ci se d\u00e9roule en dehors du temps d&rsquo;accueil, une allocation de formation est vers\u00e9e.<\/span><\/span><\/span><\/span><\/span><\/span><\/span><\/span><\/span><\/span><\/span><\/span><\/span><\/p>\n<p><em><span style=\"font-weight: 400;\"><span style=\"vertical-align: inherit;\"><span style=\"vertical-align: inherit;\"><span style=\"vertical-align: inherit;\"><span style=\"vertical-align: inherit;\"><span style=\"vertical-align: inherit;\"><span style=\"vertical-align: inherit;\"><span style=\"vertical-align: inherit;\"><span style=\"vertical-align: inherit;\"><span style=\"vertical-align: inherit;\"><span style=\"vertical-align: inherit;\"><span style=\"vertical-align: inherit;\"><span style=\"vertical-align: inherit;\">Au 1er janvier 2024, celle-ci est \u00e0 4,75\u20ac \/ heure.\u00a0<\/span><\/span><\/span><\/span><\/span><\/span><\/span><\/span><\/span><\/span><\/span><\/span><\/span><\/em><\/p>\n<p><strong><span style=\"vertical-align: inherit;\"><span style=\"vertical-align: inherit;\"><span style=\"vertical-align: inherit;\"><span style=\"vertical-align: inherit;\"><span style=\"vertical-align: inherit;\"><span style=\"vertical-align: inherit;\"><span style=\"vertical-align: inherit;\"><span style=\"vertical-align: inherit;\"><span style=\"vertical-align: inherit;\"><span style=\"vertical-align: inherit;\"><span style=\"vertical-align: inherit;\"><span style=\"vertical-align: inherit;\">Pour les salari\u00e9s du particulier employeur :<\/span><\/span><\/span><\/span><\/span><\/span><\/span><\/span><\/span><\/span><\/span><\/span><\/strong><\/p>\n<p><span style=\"font-weight: 400;\"><span style=\"vertical-align: inherit;\"><span style=\"vertical-align: inherit;\"><span style=\"vertical-align: inherit;\"><span style=\"vertical-align: inherit;\"><span style=\"vertical-align: inherit;\"><span style=\"vertical-align: inherit;\"><span style=\"vertical-align: inherit;\"><span style=\"vertical-align: inherit;\"><span style=\"vertical-align: inherit;\"><span style=\"vertical-align: inherit;\"><span style=\"vertical-align: inherit;\"><span style=\"vertical-align: inherit;\">Lorsque la formation s&rsquo;effectue pendant le temps de travail, la r\u00e9mun\u00e9ration est retenue. Si celle-ci se d\u00e9roule en dehors du temps de travail, une allocation de formation est vers\u00e9e.<\/span><\/span><\/span><\/span><\/span><\/span><\/span><\/span><\/span><\/span><\/span><\/span><\/span><\/p>\n<p><em><span style=\"font-weight: 400;\"><span style=\"vertical-align: inherit;\"><span style=\"vertical-align: inherit;\"><span style=\"vertical-align: inherit;\">Au 1er janvier 2024, son montant a \u00e9t\u00e9 \u00e9tabli \u00e0 6,50\u20ac \/ heure.\u00a0<\/span><\/span><\/span><\/span><\/em><\/p>\n<p><span style=\"font-weight: 400;\"><span style=\"vertical-align: inherit;\"><span style=\"vertical-align: inherit;\"><span style=\"vertical-align: inherit;\">Rappelons l&rsquo;engagement de la branche professionnelle du secteur des particuliers employeurs et de l&#8217;emploi \u00e0 domicile et d&rsquo;IPERIA pour faire reconna\u00eetre les m\u00e9tiers et les comp\u00e9tences des professionnels du secteur. Cette allocation de formation a \u00e9t\u00e9 mise en place compte tenu de la particularit\u00e9 de ces m\u00e9tiers et des contraintes organisationnelles li\u00e9es au d\u00e9part en formation. La comp\u00e9tence reste un enjeu majeur de reconnaissance des m\u00e9tiers et contribue \u00e0 garantir la qualit\u00e9 de l&rsquo;accompagnement.<\/span><\/span><\/span><\/span><\/p>\n<p><span>\u00a0<\/span><\/p>\n<p>[\/et_pb_text][\/et_pb_column][et_pb_column type=\u00a0\u00bb1_2&Prime; _builder_version=\u00a0\u00bb4.16&Prime; custom_padding=\u00a0\u00bb|||\u00a0\u00bb global_colors_info=\u00a0\u00bb{}\u00a0\u00bb custom_padding__hover=\u00a0\u00bb|||\u00a0\u00bb][et_pb_image src=\u00a0\u00bbhttp:\/\/formation-assistante-maternelle.fr\/wp-content\/uploads\/2024\/11\/Design-sans-titre-2024-07-01T113419.431.png\u00a0\u00bb alt=\u00a0\u00bbiperia perpignan\u00a0\u00bb title_text=\u00a0\u00bbiperia perpignan\u00a0\u00bb src_tablet=\u00a0\u00bbhttp:\/\/formation-assistante-maternelle.fr\/wp-content\/uploads\/2024\/11\/Design-sans-titre-2024-07-01T113419.431.png\u00a0\u00bb src_phone=\u00a0\u00bbhttp:\/\/formation-assistante-maternelle.fr\/wp-content\/uploads\/2024\/11\/Design-sans-titre-2024-07-01T113419.431.png\u00a0\u00bb src_last_edited=\u00a0\u00bbon|phone\u00a0\u00bb _builder_version=\u00a0\u00bb4.23.1&Prime; transform_translate=\u00a0\u00bb5vw|0px\u00a0\u00bb transform_translate_linked=\u00a0\u00bboff\u00a0\u00bb width_last_edited=\u00a0\u00bboff|desktop\u00a0\u00bb max_width_tablet=\u00a0\u00bb400px\u00a0\u00bb max_width_phone=\u00a0\u00bb\u00a0\u00bb max_width_last_edited=\u00a0\u00bbon|desktop\u00a0\u00bb custom_margin=\u00a0\u00bb-41.3%||-41.3%||true|\u00a0\u00bb custom_margin_tablet=\u00a0\u00bb0%||\u00a0\u00bb custom_margin_phone=\u00a0\u00bb\u00a0\u00bb custom_margin_last_edited=\u00a0\u00bbon|desktop\u00a0\u00bb global_colors_info=\u00a0\u00bb{}\u00a0\u00bb][\/et_pb_image][\/et_pb_column][\/et_pb_row][et_pb_row _builder_version=\u00a0\u00bb4.23.1&Prime; _module_preset=\u00a0\u00bbdefault\u00a0\u00bb custom_margin=\u00a0\u00bb-19px|auto||auto||\u00a0\u00bb custom_padding=\u00a0\u00bb15px|||||\u00a0\u00bb global_colors_info=\u00a0\u00bb{}\u00a0\u00bb][et_pb_column type=\u00a0\u00bb4_4&Prime; _builder_version=\u00a0\u00bb4.23.1&Prime; _module_preset=\u00a0\u00bbdefault\u00a0\u00bb global_colors_info=\u00a0\u00bb{}\u00a0\u00bb][et_pb_button button_url=\u00a0\u00bbhttps:\/\/formation-assistante-maternelle.fr\/index.php\/contact\/\u00a0\u00bb button_text=\u00a0\u00bbContact\u00a0\u00bb _builder_version=\u00a0\u00bb4.23.1&Prime; custom_button=\u00a0\u00bbon\u00a0\u00bb button_text_size=\u00a0\u00bb14px\u00a0\u00bb button_text_color=\u00a0\u00bbgcid-primary-color\u00a0\u00bb button_bg_color=\u00a0\u00bb#FFFFFF\u00a0\u00bb button_border_width=\u00a0\u00bb0px\u00a0\u00bb button_border_radius=\u00a0\u00bb100px\u00a0\u00bb button_letter_spacing=\u00a0\u00bb1px\u00a0\u00bb button_font=\u00a0\u00bbNunito|800||on|||||\u00a0\u00bb custom_padding=\u00a0\u00bb13px|30px|13px|30px|true|true\u00a0\u00bb box_shadow_style=\u00a0\u00bbpreset3&Prime; box_shadow_color=\u00a0\u00bbrgba(255,112,0,0.32)\u00a0\u00bb global_colors_info=\u00a0\u00bb{%22gcid-primary-color%22:%91%22button_text_color%22%93}\u00a0\u00bb][\/et_pb_button][\/et_pb_column][\/et_pb_row][\/et_pb_section][et_pb_section fb_built=\u00a0\u00bb1&Prime; _builder_version=\u00a0\u00bb4.23.1&Prime; _module_preset=\u00a0\u00bbdefault\u00a0\u00bb custom_padding=\u00a0\u00bb15px||9px|||\u00a0\u00bb global_colors_info=\u00a0\u00bb{}\u00a0\u00bb][et_pb_row _builder_version=\u00a0\u00bb4.23.1&Prime; _module_preset=\u00a0\u00bbdefault\u00a0\u00bb global_colors_info=\u00a0\u00bb{}\u00a0\u00bb][et_pb_column type=\u00a0\u00bb4_4&Prime; _builder_version=\u00a0\u00bb4.23.1&Prime; _module_preset=\u00a0\u00bbdefault\u00a0\u00bb global_colors_info=\u00a0\u00bb{}\u00a0\u00bb][et_pb_image src=\u00a0\u00bbhttp:\/\/formation-assistante-maternelle.fr\/wp-content\/uploads\/2024\/11\/Design-sans-titre-17.png\u00a0\u00bb title_text=\u00a0\u00bbDesign sans titre (17)\u00a0\u00bb _builder_version=\u00a0\u00bb4.23.1&Prime; _module_preset=\u00a0\u00bbdefault\u00a0\u00bb global_colors_info=\u00a0\u00bb{}\u00a0\u00bb][\/et_pb_image][\/et_pb_column][\/et_pb_row][\/et_pb_section]<\/p>\n","protected":false},"excerpt":{"rendered":"<p>FinancementLe plan de d\u00e9veloppement des comp\u00e9tencesCPF &#8211; Compte personnel de formationLes aides France Travail et r\u00e9gionalesLes assistants maternels, les gardes d&rsquo;enfants, les assistants de vie et les employ\u00e9s familiaux disposent de 58 heures \/ an pour partir en formation gr\u00e2ce au plan de d\u00e9veloppement des comp\u00e9tences. Il peut \u00eatre mobilis\u00e9 pour effectuer des formations, qu&rsquo;elles [&hellip;]<\/p>\n","protected":false},"author":1,"featured_media":0,"parent":0,"menu_order":0,"comment_status":"closed","ping_status":"closed","template":"","meta":{"_et_pb_use_builder":"on","_et_pb_old_content":"","_et_gb_content_width":"","footnotes":""},"class_list":["post-116","page","type-page","status-publish","hentry"],"yoast_head":"<!-- This site is optimized with the Yoast SEO plugin v26.9 - https:\/\/yoast.com\/product\/yoast-seo-wordpress\/ -->\n<title>Financement - Assistante maternelle<\/title>\n<meta name=\"robots\" content=\"index, follow, max-snippet:-1, max-image-preview:large, max-video-preview:-1\" \/>\n<link rel=\"canonical\" href=\"https:\/\/formation-assistante-maternelle.fr\/index.php\/financement\/\" \/>\n<meta property=\"og:locale\" content=\"fr_FR\" \/>\n<meta property=\"og:type\" content=\"article\" \/>\n<meta property=\"og:title\" content=\"Financement - Assistante maternelle\" \/>\n<meta property=\"og:description\" content=\"FinancementLe plan de d\u00e9veloppement des comp\u00e9tencesCPF - Compte personnel de formationLes aides France Travail et r\u00e9gionalesLes assistants maternels, les gardes d&#039;enfants, les assistants de vie et les employ\u00e9s familiaux disposent de 58 heures \/ an pour partir en formation gr\u00e2ce au plan de d\u00e9veloppement des comp\u00e9tences. Il peut \u00eatre mobilis\u00e9 pour effectuer des formations, qu&#039;elles [&hellip;]\" \/>\n<meta property=\"og:url\" content=\"https:\/\/formation-assistante-maternelle.fr\/index.php\/financement\/\" \/>\n<meta property=\"og:site_name\" content=\"Assistante maternelle\" \/>\n<meta property=\"article:modified_time\" content=\"2025-09-04T16:17:41+00:00\" \/>\n<meta name=\"twitter:card\" content=\"summary_large_image\" \/>\n<meta name=\"twitter:label1\" content=\"Dur\u00e9e de lecture estim\u00e9e\" \/>\n\t<meta name=\"twitter:data1\" content=\"5 minutes\" \/>\n<script type=\"application\/ld+json\" class=\"yoast-schema-graph\">{\"@context\":\"https:\/\/schema.org\",\"@graph\":[{\"@type\":\"WebPage\",\"@id\":\"https:\/\/formation-assistante-maternelle.fr\/index.php\/financement\/\",\"url\":\"https:\/\/formation-assistante-maternelle.fr\/index.php\/financement\/\",\"name\":\"Financement - Assistante maternelle\",\"isPartOf\":{\"@id\":\"https:\/\/formation-assistante-maternelle.fr\/#website\"},\"datePublished\":\"2024-11-13T10:49:03+00:00\",\"dateModified\":\"2025-09-04T16:17:41+00:00\",\"breadcrumb\":{\"@id\":\"https:\/\/formation-assistante-maternelle.fr\/index.php\/financement\/#breadcrumb\"},\"inLanguage\":\"fr-FR\",\"potentialAction\":[{\"@type\":\"ReadAction\",\"target\":[\"https:\/\/formation-assistante-maternelle.fr\/index.php\/financement\/\"]}]},{\"@type\":\"BreadcrumbList\",\"@id\":\"https:\/\/formation-assistante-maternelle.fr\/index.php\/financement\/#breadcrumb\",\"itemListElement\":[{\"@type\":\"ListItem\",\"position\":1,\"name\":\"Accueil\",\"item\":\"https:\/\/formation-assistante-maternelle.fr\/\"},{\"@type\":\"ListItem\",\"position\":2,\"name\":\"Financement\"}]},{\"@type\":\"WebSite\",\"@id\":\"https:\/\/formation-assistante-maternelle.fr\/#website\",\"url\":\"https:\/\/formation-assistante-maternelle.fr\/\",\"name\":\"Assistante maternelle\",\"description\":\"Formation \u00e0 Perpignan\",\"potentialAction\":[{\"@type\":\"SearchAction\",\"target\":{\"@type\":\"EntryPoint\",\"urlTemplate\":\"https:\/\/formation-assistante-maternelle.fr\/?s={search_term_string}\"},\"query-input\":{\"@type\":\"PropertyValueSpecification\",\"valueRequired\":true,\"valueName\":\"search_term_string\"}}],\"inLanguage\":\"fr-FR\"}]}<\/script>\n<!-- \/ Yoast SEO plugin. -->","yoast_head_json":{"title":"Financement - Assistante maternelle","robots":{"index":"index","follow":"follow","max-snippet":"max-snippet:-1","max-image-preview":"max-image-preview:large","max-video-preview":"max-video-preview:-1"},"canonical":"https:\/\/formation-assistante-maternelle.fr\/index.php\/financement\/","og_locale":"fr_FR","og_type":"article","og_title":"Financement - Assistante maternelle","og_description":"FinancementLe plan de d\u00e9veloppement des comp\u00e9tencesCPF - Compte personnel de formationLes aides France Travail et r\u00e9gionalesLes assistants maternels, les gardes d'enfants, les assistants de vie et les employ\u00e9s familiaux disposent de 58 heures \/ an pour partir en formation gr\u00e2ce au plan de d\u00e9veloppement des comp\u00e9tences. Il peut \u00eatre mobilis\u00e9 pour effectuer des formations, qu'elles [&hellip;]","og_url":"https:\/\/formation-assistante-maternelle.fr\/index.php\/financement\/","og_site_name":"Assistante maternelle","article_modified_time":"2025-09-04T16:17:41+00:00","twitter_card":"summary_large_image","twitter_misc":{"Dur\u00e9e de lecture estim\u00e9e":"5 minutes"},"schema":{"@context":"https:\/\/schema.org","@graph":[{"@type":"WebPage","@id":"https:\/\/formation-assistante-maternelle.fr\/index.php\/financement\/","url":"https:\/\/formation-assistante-maternelle.fr\/index.php\/financement\/","name":"Financement - Assistante maternelle","isPartOf":{"@id":"https:\/\/formation-assistante-maternelle.fr\/#website"},"datePublished":"2024-11-13T10:49:03+00:00","dateModified":"2025-09-04T16:17:41+00:00","breadcrumb":{"@id":"https:\/\/formation-assistante-maternelle.fr\/index.php\/financement\/#breadcrumb"},"inLanguage":"fr-FR","potentialAction":[{"@type":"ReadAction","target":["https:\/\/formation-assistante-maternelle.fr\/index.php\/financement\/"]}]},{"@type":"BreadcrumbList","@id":"https:\/\/formation-assistante-maternelle.fr\/index.php\/financement\/#breadcrumb","itemListElement":[{"@type":"ListItem","position":1,"name":"Accueil","item":"https:\/\/formation-assistante-maternelle.fr\/"},{"@type":"ListItem","position":2,"name":"Financement"}]},{"@type":"WebSite","@id":"https:\/\/formation-assistante-maternelle.fr\/#website","url":"https:\/\/formation-assistante-maternelle.fr\/","name":"Assistante maternelle","description":"Formation \u00e0 Perpignan","potentialAction":[{"@type":"SearchAction","target":{"@type":"EntryPoint","urlTemplate":"https:\/\/formation-assistante-maternelle.fr\/?s={search_term_string}"},"query-input":{"@type":"PropertyValueSpecification","valueRequired":true,"valueName":"search_term_string"}}],"inLanguage":"fr-FR"}]}},"_links":{"self":[{"href":"https:\/\/formation-assistante-maternelle.fr\/index.php\/wp-json\/wp\/v2\/pages\/116","targetHints":{"allow":["GET"]}}],"collection":[{"href":"https:\/\/formation-assistante-maternelle.fr\/index.php\/wp-json\/wp\/v2\/pages"}],"about":[{"href":"https:\/\/formation-assistante-maternelle.fr\/index.php\/wp-json\/wp\/v2\/types\/page"}],"author":[{"embeddable":true,"href":"https:\/\/formation-assistante-maternelle.fr\/index.php\/wp-json\/wp\/v2\/users\/1"}],"replies":[{"embeddable":true,"href":"https:\/\/formation-assistante-maternelle.fr\/index.php\/wp-json\/wp\/v2\/comments?post=116"}],"version-history":[{"count":7,"href":"https:\/\/formation-assistante-maternelle.fr\/index.php\/wp-json\/wp\/v2\/pages\/116\/revisions"}],"predecessor-version":[{"id":987511707,"href":"https:\/\/formation-assistante-maternelle.fr\/index.php\/wp-json\/wp\/v2\/pages\/116\/revisions\/987511707"}],"wp:attachment":[{"href":"https:\/\/formation-assistante-maternelle.fr\/index.php\/wp-json\/wp\/v2\/media?parent=116"}],"curies":[{"name":"wp","href":"https:\/\/api.w.org\/{rel}","templated":true}]}}